{"id":1673,"date":"2020-02-05T16:17:15","date_gmt":"2020-02-05T15:17:15","guid":{"rendered":"https:\/\/sportup.si\/regular-recreation\/kosarka\/"},"modified":"2025-09-23T10:34:34","modified_gmt":"2025-09-23T08:34:34","slug":"basketball-sport","status":"publish","type":"page","link":"https:\/\/sportup.si\/en\/regular-recreation\/basketball-sport\/","title":{"rendered":"Basketball"},"content":{"rendered":"\n<p>Basketball is played in the gym of STS Koper, where free parking is available:<\/p>\n\n<p><a href=\"https:\/\/maps.app.goo.gl\/xLaXpXmJ3gYJjNhj7\">https:\/\/maps.app.goo.gl\/xLaXpXmJ3gYJjNhj7<\/a><\/p>\n\n<p>Watch the video that leads you from the car park to the entrance of the gym:<\/p>\n\n<p><\/p>\n","protected":false},"excerpt":{"rendered":"<p>Basketball is played in the gym of STS Koper, where free parking is available: https:\/\/maps.app.goo.gl\/xLaXpXmJ3gYJjNhj7 Watch the video that leads you from the car park to the entrance of the gym:<\/p>\n","protected":false},"author":1,"featured_media":1632,"parent":1492,"menu_order":0,"comment_status":"closed","ping_status":"closed","template":"","meta":{"_et_pb_use_builder":"off","_et_pb_old_content":"","_et_gb_content_width":"","footnotes":""},"class_list":["post-1673","page","type-page","status-publish","has-post-thumbnail","hentry"],"yoast_head":"<!-- This site is optimized with the Yoast SEO plugin v27.4 - https:\/\/yoast.com\/product\/yoast-seo-wordpress\/ -->\n<title>Basketball - \u0160portUP<\/title>\n<meta name=\"robots\" content=\"index, follow, max-snippet:-1, max-image-preview:large, max-video-preview:-1\" \/>\n<link rel=\"canonical\" href=\"https:\/\/sportup.si\/en\/regular-recreation\/basketball-sport\/\" \/>\n<meta property=\"og:locale\" content=\"en_US\" \/>\n<meta property=\"og:type\" content=\"article\" \/>\n<meta property=\"og:title\" content=\"Basketball - \u0160portUP\" \/>\n<meta property=\"og:description\" content=\"Basketball is played in the gym of STS Koper, where free parking is available: https:\/\/maps.app.goo.gl\/xLaXpXmJ3gYJjNhj7 Watch the video that leads you from the car park to the entrance of the gym:\" \/>\n<meta property=\"og:url\" content=\"https:\/\/sportup.si\/en\/regular-recreation\/basketball-sport\/\" \/>\n<meta property=\"og:site_name\" content=\"\u0160portUP\" \/>\n<meta property=\"article:modified_time\" content=\"2025-09-23T08:34:34+00:00\" \/>\n<meta property=\"og:image\" content=\"https:\/\/sportup.si\/wp-content\/uploads\/2020\/02\/UP-FVZ-KOSARKA-1-1.jpg\" \/>\n\t<meta property=\"og:image:width\" content=\"2560\" \/>\n\t<meta property=\"og:image:height\" content=\"1706\" \/>\n\t<meta property=\"og:image:type\" content=\"image\/jpeg\" \/>\n<meta name=\"twitter:card\" content=\"summary_large_image\" \/>\n<script type=\"application\/ld+json\" class=\"yoast-schema-graph\">{\"@context\":\"https:\\\/\\\/schema.org\",\"@graph\":[{\"@type\":\"WebPage\",\"@id\":\"https:\\\/\\\/sportup.si\\\/en\\\/regular-recreation\\\/basketball-sport\\\/\",\"url\":\"https:\\\/\\\/sportup.si\\\/en\\\/regular-recreation\\\/basketball-sport\\\/\",\"name\":\"Basketball - \u0160portUP\",\"isPartOf\":{\"@id\":\"https:\\\/\\\/sportup.si\\\/#website\"},\"primaryImageOfPage\":{\"@id\":\"https:\\\/\\\/sportup.si\\\/en\\\/regular-recreation\\\/basketball-sport\\\/#primaryimage\"},\"image\":{\"@id\":\"https:\\\/\\\/sportup.si\\\/en\\\/regular-recreation\\\/basketball-sport\\\/#primaryimage\"},\"thumbnailUrl\":\"https:\\\/\\\/sportup.si\\\/wp-content\\\/uploads\\\/2020\\\/02\\\/UP-FVZ-KOSARKA-1-1.jpg\",\"datePublished\":\"2020-02-05T15:17:15+00:00\",\"dateModified\":\"2025-09-23T08:34:34+00:00\",\"breadcrumb\":{\"@id\":\"https:\\\/\\\/sportup.si\\\/en\\\/regular-recreation\\\/basketball-sport\\\/#breadcrumb\"},\"inLanguage\":\"en-US\",\"potentialAction\":[{\"@type\":\"ReadAction\",\"target\":[\"https:\\\/\\\/sportup.si\\\/en\\\/regular-recreation\\\/basketball-sport\\\/\"]}]},{\"@type\":\"ImageObject\",\"inLanguage\":\"en-US\",\"@id\":\"https:\\\/\\\/sportup.si\\\/en\\\/regular-recreation\\\/basketball-sport\\\/#primaryimage\",\"url\":\"https:\\\/\\\/sportup.si\\\/wp-content\\\/uploads\\\/2020\\\/02\\\/UP-FVZ-KOSARKA-1-1.jpg\",\"contentUrl\":\"https:\\\/\\\/sportup.si\\\/wp-content\\\/uploads\\\/2020\\\/02\\\/UP-FVZ-KOSARKA-1-1.jpg\",\"width\":2560,\"height\":1706},{\"@type\":\"BreadcrumbList\",\"@id\":\"https:\\\/\\\/sportup.si\\\/en\\\/regular-recreation\\\/basketball-sport\\\/#breadcrumb\",\"itemListElement\":[{\"@type\":\"ListItem\",\"position\":1,\"name\":\"Home\",\"item\":\"https:\\\/\\\/sportup.si\\\/\"},{\"@type\":\"ListItem\",\"position\":2,\"name\":\"Regular recreation\",\"item\":\"https:\\\/\\\/sportup.si\\\/en\\\/regular-recreation\\\/\"},{\"@type\":\"ListItem\",\"position\":3,\"name\":\"Basketball\"}]},{\"@type\":\"WebSite\",\"@id\":\"https:\\\/\\\/sportup.si\\\/#website\",\"url\":\"https:\\\/\\\/sportup.si\\\/\",\"name\":\"\u0160portUP\",\"description\":\"\u0160tudentska rekreacija za vse \u0161tudente UP.\",\"potentialAction\":[{\"@type\":\"SearchAction\",\"target\":{\"@type\":\"EntryPoint\",\"urlTemplate\":\"https:\\\/\\\/sportup.si\\\/?s={search_term_string}\"},\"query-input\":{\"@type\":\"PropertyValueSpecification\",\"valueRequired\":true,\"valueName\":\"search_term_string\"}}],\"inLanguage\":\"en-US\"}]}<\/script>\n<!-- \/ Yoast SEO plugin. -->","yoast_head_json":{"title":"Basketball - \u0160portUP","robots":{"index":"index","follow":"follow","max-snippet":"max-snippet:-1","max-image-preview":"max-image-preview:large","max-video-preview":"max-video-preview:-1"},"canonical":"https:\/\/sportup.si\/en\/regular-recreation\/basketball-sport\/","og_locale":"en_US","og_type":"article","og_title":"Basketball - \u0160portUP","og_description":"Basketball is played in the gym of STS Koper, where free parking is available: https:\/\/maps.app.goo.gl\/xLaXpXmJ3gYJjNhj7 Watch the video that leads you from the car park to the entrance of the gym:","og_url":"https:\/\/sportup.si\/en\/regular-recreation\/basketball-sport\/","og_site_name":"\u0160portUP","article_modified_time":"2025-09-23T08:34:34+00:00","og_image":[{"width":2560,"height":1706,"url":"https:\/\/sportup.si\/wp-content\/uploads\/2020\/02\/UP-FVZ-KOSARKA-1-1.jpg","type":"image\/jpeg"}],"twitter_card":"summary_large_image","schema":{"@context":"https:\/\/schema.org","@graph":[{"@type":"WebPage","@id":"https:\/\/sportup.si\/en\/regular-recreation\/basketball-sport\/","url":"https:\/\/sportup.si\/en\/regular-recreation\/basketball-sport\/","name":"Basketball - \u0160portUP","isPartOf":{"@id":"https:\/\/sportup.si\/#website"},"primaryImageOfPage":{"@id":"https:\/\/sportup.si\/en\/regular-recreation\/basketball-sport\/#primaryimage"},"image":{"@id":"https:\/\/sportup.si\/en\/regular-recreation\/basketball-sport\/#primaryimage"},"thumbnailUrl":"https:\/\/sportup.si\/wp-content\/uploads\/2020\/02\/UP-FVZ-KOSARKA-1-1.jpg","datePublished":"2020-02-05T15:17:15+00:00","dateModified":"2025-09-23T08:34:34+00:00","breadcrumb":{"@id":"https:\/\/sportup.si\/en\/regular-recreation\/basketball-sport\/#breadcrumb"},"inLanguage":"en-US","potentialAction":[{"@type":"ReadAction","target":["https:\/\/sportup.si\/en\/regular-recreation\/basketball-sport\/"]}]},{"@type":"ImageObject","inLanguage":"en-US","@id":"https:\/\/sportup.si\/en\/regular-recreation\/basketball-sport\/#primaryimage","url":"https:\/\/sportup.si\/wp-content\/uploads\/2020\/02\/UP-FVZ-KOSARKA-1-1.jpg","contentUrl":"https:\/\/sportup.si\/wp-content\/uploads\/2020\/02\/UP-FVZ-KOSARKA-1-1.jpg","width":2560,"height":1706},{"@type":"BreadcrumbList","@id":"https:\/\/sportup.si\/en\/regular-recreation\/basketball-sport\/#breadcrumb","itemListElement":[{"@type":"ListItem","position":1,"name":"Home","item":"https:\/\/sportup.si\/"},{"@type":"ListItem","position":2,"name":"Regular recreation","item":"https:\/\/sportup.si\/en\/regular-recreation\/"},{"@type":"ListItem","position":3,"name":"Basketball"}]},{"@type":"WebSite","@id":"https:\/\/sportup.si\/#website","url":"https:\/\/sportup.si\/","name":"\u0160portUP","description":"\u0160tudentska rekreacija za vse \u0161tudente UP.","potentialAction":[{"@type":"SearchAction","target":{"@type":"EntryPoint","urlTemplate":"https:\/\/sportup.si\/?s={search_term_string}"},"query-input":{"@type":"PropertyValueSpecification","valueRequired":true,"valueName":"search_term_string"}}],"inLanguage":"en-US"}]}},"_links":{"self":[{"href":"https:\/\/sportup.si\/en\/wp-json\/wp\/v2\/pages\/1673","targetHints":{"allow":["GET"]}}],"collection":[{"href":"https:\/\/sportup.si\/en\/wp-json\/wp\/v2\/pages"}],"about":[{"href":"https:\/\/sportup.si\/en\/wp-json\/wp\/v2\/types\/page"}],"author":[{"embeddable":true,"href":"https:\/\/sportup.si\/en\/wp-json\/wp\/v2\/users\/1"}],"replies":[{"embeddable":true,"href":"https:\/\/sportup.si\/en\/wp-json\/wp\/v2\/comments?post=1673"}],"version-history":[{"count":4,"href":"https:\/\/sportup.si\/en\/wp-json\/wp\/v2\/pages\/1673\/revisions"}],"predecessor-version":[{"id":54618,"href":"https:\/\/sportup.si\/en\/wp-json\/wp\/v2\/pages\/1673\/revisions\/54618"}],"up":[{"embeddable":true,"href":"https:\/\/sportup.si\/en\/wp-json\/wp\/v2\/pages\/1492"}],"wp:featuredmedia":[{"embeddable":true,"href":"https:\/\/sportup.si\/en\/wp-json\/wp\/v2\/media\/1632"}],"wp:attachment":[{"href":"https:\/\/sportup.si\/en\/wp-json\/wp\/v2\/media?parent=1673"}],"curies":[{"name":"wp","href":"https:\/\/api.w.org\/{rel}","templated":true}]}}